{"id":650,"date":"2023-02-11T16:07:04","date_gmt":"2023-02-11T16:07:04","guid":{"rendered":"http:\/\/v2.2wib.com\/contacto\/"},"modified":"2023-08-15T18:11:10","modified_gmt":"2023-08-15T18:11:10","slug":"contacto","status":"publish","type":"page","link":"https:\/\/2wib.com\/pt-pt\/contacto\/","title":{"rendered":"Contacto"},"content":{"rendered":"\n<div class=\"wp-block-uagb-container uagb-block-d8e6185e alignfull uagb-is-root-container\"><div class=\"uagb-container-inner-blocks-wrap\">\n<h1 class=\"wp-block-heading\">Contacto<\/h1>\n\n\n\n<p>Na 2WIB &#8211; WORLDWIDE INTELLIGENCE BASE, estamos aqui para o ajudar em tudo o que precisar. Se estiver interessado em algum dos nossos servi\u00e7os, por favor, preencha o formul\u00e1rio abaixo e entraremos em contacto consigo o mais rapidamente poss\u00edvel.<\/p>\n\n\n\n<h2 class=\"wp-block-heading\">Porqu\u00ea contactar a 2WIB?<\/h2>\n\n\n\n<p>Somos uma ag\u00eancia de intelig\u00eancia privada l\u00edder no sector, especializada na gest\u00e3o de amea\u00e7as \u00e0 seguran\u00e7a e aos interesses de empresas e pessoas. Dispomos de uma equipa de profissionais altamente qualificados, com experi\u00eancia nas For\u00e7as e Corpos de Seguran\u00e7a do Estado e no Ex\u00e9rcito, bem como de uma vasta rede de especialistas locais e internacionais.<\/p>\n\n\n\n<p>Na 2WIB, levamos muito a s\u00e9rio a privacidade e a seguran\u00e7a dos nossos clientes. Por conseguinte, garantimos a confidencialidade de qualquer informa\u00e7\u00e3o que partilhe connosco.<\/p>\n<\/div><\/div>\n\n<div class=\"wp-block-uagb-container uagb-block-62e6a9b9 alignfull uagb-is-root-container\"><div class=\"uagb-container-inner-blocks-wrap\">\n<div class=\"wp-block-uagb-container uagb-block-1579b39f\">\n<p><strong>Correio eletr\u00f3nico<\/strong><br\/>info@2wib.com<\/p>\n\n\n\n<p><strong>Sede<\/strong><br\/>+34 935 951 407<br\/>Avda. Diagonal 421, \u00c1tico<br\/>08006 Barcelona.<\/p>\n\n\n\n<p><strong>Escrit\u00f3rio de Lisboa<\/strong><br\/>+351 920 443 597<br\/>Rua Tomas da Fonseca 40A<br\/>1600-275 Lisboa<\/p>\n<\/div>\n\n\n\n<div class=\"wp-block-uagb-container uagb-block-ebba6a17\">\n<div class=\"wp-block-contact-form-7-contact-form-selector\">\n<div class=\"wpcf7 no-js\" id=\"wpcf7-f197-o1\" lang=\"es-ES\" dir=\"ltr\" data-wpcf7-id=\"197\">\n<div class=\"screen-reader-response\"><p role=\"status\" aria-live=\"polite\" aria-atomic=\"true\"><\/p> <ul><\/ul><\/div>\n<form action=\"\/pt-pt\/wp-json\/wp\/v2\/pages\/650#wpcf7-f197-o1\" method=\"post\" class=\"wpcf7-form init\" aria-label=\"Formulario de contacto\" novalidate=\"novalidate\" data-status=\"init\">\n<fieldset class=\"hidden-fields-container\"><input type=\"hidden\" name=\"_wpcf7\" value=\"197\" \/><input type=\"hidden\" name=\"_wpcf7_version\" value=\"6.1.5\" \/><input type=\"hidden\" name=\"_wpcf7_locale\" value=\"es_ES\" \/><input type=\"hidden\" name=\"_wpcf7_unit_tag\" value=\"wpcf7-f197-o1\" \/><input type=\"hidden\" name=\"_wpcf7_container_post\" value=\"0\" \/><input type=\"hidden\" name=\"_wpcf7_posted_data_hash\" value=\"\" \/><input type=\"hidden\" name=\"_wpcf7_recaptcha_response\" value=\"\" \/>\n<\/fieldset>\n<div id=\"responsive-form\" class=\"clearfix\">\n\t<div class=\"form-row\">\n\t\t<div class=\"column-half\">\n\t\t\t<p><span class=\"wpcf7-form-control-wrap\" data-name=\"first-name\"><input size=\"40\" maxlength=\"400\" class=\"wpcf7-form-control wpcf7-text wpcf7-validates-as-required\" aria-required=\"true\" aria-invalid=\"false\" placeholder=\"Nombre*\" value=\"\" type=\"text\" name=\"first-name\" \/><\/span>\n\t\t\t<\/p>\n\t\t<\/div>\n\t\t<div class=\"column-half\">\n\t\t\t<p><span class=\"wpcf7-form-control-wrap\" data-name=\"last-name\"><input size=\"40\" maxlength=\"400\" class=\"wpcf7-form-control wpcf7-text wpcf7-validates-as-required\" aria-required=\"true\" aria-invalid=\"false\" placeholder=\"Apellidos*\" value=\"\" type=\"text\" name=\"last-name\" \/><\/span>\n\t\t\t<\/p>\n\t\t<\/div>\n\t<\/div>\n\t<div class=\"form-row\">\n\t\t<div class=\"column-half\">\n\t\t\t<p><span class=\"wpcf7-form-control-wrap\" data-name=\"your-email\"><input size=\"40\" maxlength=\"400\" class=\"wpcf7-form-control wpcf7-email wpcf7-validates-as-required wpcf7-text wpcf7-validates-as-email\" aria-required=\"true\" aria-invalid=\"false\" placeholder=\"Email*\" value=\"\" type=\"email\" name=\"your-email\" \/><\/span>\n\t\t\t<\/p>\n\t\t<\/div>\n\t\t<div class=\"column-half\">\n\t\t\t<p><span class=\"wpcf7-form-control-wrap\" data-name=\"your-phone\"><input size=\"40\" maxlength=\"400\" class=\"wpcf7-form-control wpcf7-text wpcf7-validates-as-required\" aria-required=\"true\" aria-invalid=\"false\" placeholder=\"Tel\u00e9fono\" value=\"\" type=\"text\" name=\"your-phone\" \/><\/span>\n\t\t\t<\/p>\n\t\t<\/div>\n\t<\/div>\n\t<div class=\"form-row\">\n\t\t<div class=\"column-full\">\n\t\t\t<p><span class=\"wpcf7-form-control-wrap\" data-name=\"your-subject\"><select class=\"wpcf7-form-control wpcf7-select wpcf7-validates-as-required\" aria-required=\"true\" aria-invalid=\"false\" name=\"your-subject\"><option value=\"\">&#8212;Por favor, elige una opci\u00f3n&#8212;<\/option><option value=\"Investigaci\u00f3n\">Investigaci\u00f3n<\/option><option value=\"Investigaci\u00f3n criminal\">Investigaci\u00f3n criminal<\/option><option value=\"Seguridad\">Seguridad<\/option><option value=\"Consultor\u00eda\">Consultor\u00eda<\/option><option value=\"Formaci\u00f3n\">Formaci\u00f3n<\/option><\/select><\/span>\n\t\t\t<\/p>\n\t\t<\/div>\n\t<\/div>\n\t<div class=\"form-row\">\n\t\t<div class=\"column-full\">\n\t\t\t<p><span class=\"wpcf7-form-control-wrap\" data-name=\"your-message\"><textarea cols=\"40\" rows=\"5\" maxlength=\"2000\" class=\"wpcf7-form-control wpcf7-textarea wpcf7-validates-as-required\" aria-required=\"true\" aria-invalid=\"false\" placeholder=\"Detalle su consulta\" name=\"your-message\"><\/textarea><\/span>\n\t\t\t<\/p>\n\t\t<\/div>\n\t<\/div>\n\t<div class=\"form-row\">\n\t\t<div class=\"column-half\">\n\t\t\t<p><span class=\"wpcf7-form-control-wrap\" data-name=\"accept-this\"><span class=\"wpcf7-form-control wpcf7-acceptance\"><span class=\"wpcf7-list-item\"><label><input type=\"checkbox\" name=\"accept-this\" value=\"1\" aria-invalid=\"false\" \/><span class=\"wpcf7-list-item-label\">He le\u00eddo y acepto la <a href=\"https:\/\/2wib.com\/privacidad-de-los-datos\/\" target=\"_blank\" rel=\"noopener\">cl\u00e1sula de privacidad de datos<\/a>.<\/span><\/label><\/span><\/span><\/span>\n\t\t\t<\/p>\n\t\t<\/div>\n\t\t<div class=\"column-half\">\n\t\t\t<p><input class=\"wpcf7-form-control wpcf7-submit has-spinner is-fullwidth\" type=\"submit\" value=\"Enviar\" \/>\n\t\t\t<\/p>\n\t\t<\/div>\n\t<\/div>\n<\/div><!--end responsive-form--><div class=\"wpcf7-response-output\" aria-hidden=\"true\"><\/div>\n<\/form>\n<\/div>\n<\/div>\n<\/div>\n<\/div><\/div>\n","protected":false},"excerpt":{"rendered":"<p>Contacto Na 2WIB &#8211; WORLDWIDE INTELLIGENCE BASE, estamos aqui para o ajudar em tudo o que precisar. Se estiver interessado em algum dos nossos servi\u00e7os, por favor, preencha o formul\u00e1rio abaixo e entraremos em contacto consigo o mais rapidamente poss\u00edvel. Porqu\u00ea contactar a 2WIB? Somos uma ag\u00eancia de intelig\u00eancia privada l\u00edder no sector, especializada na [&hellip;]<\/p>\n","protected":false},"author":1,"featured_media":558,"parent":0,"menu_order":0,"comment_status":"closed","ping_status":"closed","template":"","meta":{"_seopress_robots_primary_cat":"","_seopress_titles_title":"Entre em contato com a BASE DE INTELIG\u00caNCIA MUNDIAL DA 2WIB","_seopress_titles_desc":"Na 2WIB - WORLDWIDE INTELLIGENCE BASE, estamos aqui para o ajudar em tudo o que precisar.","_seopress_robots_index":"","_uag_custom_page_level_css":"","site-sidebar-layout":"default","site-content-layout":"","ast-site-content-layout":"default","site-content-style":"default","site-sidebar-style":"default","ast-global-header-display":"","ast-banner-title-visibility":"","ast-main-header-display":"","ast-hfb-above-header-display":"","ast-hfb-below-header-display":"","ast-hfb-mobile-header-display":"","site-post-title":"","ast-breadcrumbs-content":"","ast-featured-img":"","footer-sml-layout":"","ast-disable-related-posts":"","theme-transparent-header-meta":"default","adv-header-id-meta":"","stick-header-meta":"","header-above-stick-meta":"","header-main-stick-meta":"","header-below-stick-meta":"","astra-migrate-meta-layouts":"default","ast-page-background-enabled":"default","ast-page-background-meta":{"desktop":{"background-color":"var(--ast-global-color-4)","background-image":"","background-repeat":"repeat","background-position":"center center","background-size":"auto","background-attachment":"scroll","background-type":"","background-media":"","overlay-type":"","overlay-color":"","overlay-opacity":"","overlay-gradient":""},"tablet":{"background-color":"","background-image":"","background-repeat":"repeat","background-position":"center center","background-size":"auto","background-attachment":"scroll","background-type":"","background-media":"","overlay-type":"","overlay-color":"","overlay-opacity":"","overlay-gradient":""},"mobile":{"background-color":"","background-image":"","background-repeat":"repeat","background-position":"center center","background-size":"auto","background-attachment":"scroll","background-type":"","background-media":"","overlay-type":"","overlay-color":"","overlay-opacity":"","overlay-gradient":""}},"ast-content-background-meta":{"desktop":{"background-color":"var(--ast-global-color-5)","background-image":"","background-repeat":"repeat","background-position":"center center","background-size":"auto","background-attachment":"scroll","background-type":"","background-media":"","overlay-type":"","overlay-color":"","overlay-opacity":"","overlay-gradient":""},"tablet":{"background-color":"var(--ast-global-color-5)","background-image":"","background-repeat":"repeat","background-position":"center center","background-size":"auto","background-attachment":"scroll","background-type":"","background-media":"","overlay-type":"","overlay-color":"","overlay-opacity":"","overlay-gradient":""},"mobile":{"background-color":"var(--ast-global-color-5)","background-image":"","background-repeat":"repeat","background-position":"center center","background-size":"auto","background-attachment":"scroll","background-type":"","background-media":"","overlay-type":"","overlay-color":"","overlay-opacity":"","overlay-gradient":""}},"footnotes":""},"class_list":["post-650","page","type-page","status-publish","has-post-thumbnail","hentry"],"uagb_featured_image_src":{"full":["https:\/\/2wib.com\/wp-content\/uploads\/2023\/04\/contacto_2wib.jpg",1600,997,false],"thumbnail":["https:\/\/2wib.com\/wp-content\/uploads\/2023\/04\/contacto_2wib-150x150.jpg",150,150,true],"medium":["https:\/\/2wib.com\/wp-content\/uploads\/2023\/04\/contacto_2wib-300x187.jpg",300,187,true],"medium_large":["https:\/\/2wib.com\/wp-content\/uploads\/2023\/04\/contacto_2wib-768x479.jpg",768,479,true],"large":["https:\/\/2wib.com\/wp-content\/uploads\/2023\/04\/contacto_2wib-1024x638.jpg",1024,638,true],"1536x1536":["https:\/\/2wib.com\/wp-content\/uploads\/2023\/04\/contacto_2wib-1536x957.jpg",1536,957,true],"2048x2048":["https:\/\/2wib.com\/wp-content\/uploads\/2023\/04\/contacto_2wib.jpg",1600,997,false]},"uagb_author_info":{"display_name":"david@kreamedia.com","author_link":"https:\/\/2wib.com\/pt-pt\/author\/davidkreamedia-com\/"},"uagb_comment_info":0,"uagb_excerpt":"Contacto Na 2WIB &#8211; WORLDWIDE INTELLIGENCE BASE, estamos aqui para o ajudar em tudo o que precisar. Se estiver interessado em algum dos nossos servi\u00e7os, por favor, preencha o formul\u00e1rio abaixo e entraremos em contacto consigo o mais rapidamente poss\u00edvel. Porqu\u00ea contactar a 2WIB? Somos uma ag\u00eancia de intelig\u00eancia privada l\u00edder no sector, especializada na&hellip;","_links":{"self":[{"href":"https:\/\/2wib.com\/pt-pt\/wp-json\/wp\/v2\/pages\/650","targetHints":{"allow":["GET"]}}],"collection":[{"href":"https:\/\/2wib.com\/pt-pt\/wp-json\/wp\/v2\/pages"}],"about":[{"href":"https:\/\/2wib.com\/pt-pt\/wp-json\/wp\/v2\/types\/page"}],"author":[{"embeddable":true,"href":"https:\/\/2wib.com\/pt-pt\/wp-json\/wp\/v2\/users\/1"}],"replies":[{"embeddable":true,"href":"https:\/\/2wib.com\/pt-pt\/wp-json\/wp\/v2\/comments?post=650"}],"version-history":[{"count":4,"href":"https:\/\/2wib.com\/pt-pt\/wp-json\/wp\/v2\/pages\/650\/revisions"}],"predecessor-version":[{"id":810,"href":"https:\/\/2wib.com\/pt-pt\/wp-json\/wp\/v2\/pages\/650\/revisions\/810"}],"wp:featuredmedia":[{"embeddable":true,"href":"https:\/\/2wib.com\/pt-pt\/wp-json\/wp\/v2\/media\/558"}],"wp:attachment":[{"href":"https:\/\/2wib.com\/pt-pt\/wp-json\/wp\/v2\/media?parent=650"}],"curies":[{"name":"wp","href":"https:\/\/api.w.org\/{rel}","templated":true}]}}